{"id":1506,"date":"2022-09-26T06:08:42","date_gmt":"2022-09-26T06:08:42","guid":{"rendered":"https:\/\/alpverimlilik.com\/?page_id=1506"},"modified":"2022-09-29T17:51:53","modified_gmt":"2022-09-29T17:51:53","slug":"elementor-1506","status":"publish","type":"page","link":"https:\/\/alpverimlilik.com\/?page_id=1506","title":{"rendered":"Stat Ease"},"content":{"rendered":"\t\t<div data-elementor-type=\"wp-page\" data-elementor-id=\"1506\" class=\"elementor elementor-1506\">\n\t\t\t\t\t\t<section class=\"elementor-section elementor-top-section elementor-element elementor-element-ro72hjh elementor-section-content-middle elementor-section-full_width elementor-section-height-default elementor-section-height-default\" data-id=\"ro72hjh\" data-element_type=\"section\" data-e-type=\"section\" data-settings=\"{&quot;background_background&quot;:&quot;classic&quot;}\">\n\t\t\t\t\t\t\t<div class=\"elementor-background-overlay\"><\/div>\n\t\t\t\t\t\t\t<div class=\"elementor-container elementor-column-gap-wide\">\n\t\t\t\t\t<div class=\"elementor-column elementor-col-50 elementor-top-column elementor-element elementor-element-b262852\" data-id=\"b262852\" data-element_type=\"column\" data-e-type=\"column\">\n\t\t\t<div class=\"elementor-widget-wrap elementor-element-populated\">\n\t\t\t\t\t\t<div class=\"elementor-element elementor-element-34933a9 elementor-widget elementor-widget-image\" data-id=\"34933a9\" data-element_type=\"widget\" data-e-type=\"widget\" data-widget_type=\"image.default\">\n\t\t\t\t<div class=\"elementor-widget-container\">\n\t\t\t\t\t\t\t\t\t\t\t\t\t\t\t<img fetchpriority=\"high\" decoding=\"async\" width=\"300\" height=\"300\" src=\"https:\/\/alpverimlilik.com\/wp-content\/uploads\/2022\/09\/WhatsApp-Image-2022-09-25-at-11.40.32-PM.jpeg\" class=\"attachment-large size-large wp-image-1509\" alt=\"\" srcset=\"https:\/\/alpverimlilik.com\/wp-content\/uploads\/2022\/09\/WhatsApp-Image-2022-09-25-at-11.40.32-PM.jpeg 300w, https:\/\/alpverimlilik.com\/wp-content\/uploads\/2022\/09\/WhatsApp-Image-2022-09-25-at-11.40.32-PM-150x150.jpeg 150w\" sizes=\"(max-width: 300px) 100vw, 300px\" \/>\t\t\t\t\t\t\t\t\t\t\t\t\t\t\t<\/div>\n\t\t\t\t<\/div>\n\t\t\t\t<div class=\"elementor-element elementor-element-7dff79f elementor-widget elementor-widget-heading\" data-id=\"7dff79f\" data-element_type=\"widget\" data-e-type=\"widget\" data-widget_type=\"heading.default\">\n\t\t\t\t<div class=\"elementor-widget-container\">\n\t\t\t\t\t<h3 class=\"elementor-heading-title elementor-size-default\">Design Expert<\/h3>\t\t\t\t<\/div>\n\t\t\t\t<\/div>\n\t\t\t\t<div class=\"elementor-element elementor-element-6e85753 elementor-align-center elementor-widget elementor-widget-button\" data-id=\"6e85753\" data-element_type=\"widget\" data-e-type=\"widget\" data-widget_type=\"button.default\">\n\t\t\t\t<div class=\"elementor-widget-container\">\n\t\t\t\t\t\t\t\t\t<div class=\"elementor-button-wrapper\">\n\t\t\t\t\t<a class=\"elementor-button elementor-button-link elementor-size-sm\" href=\"https:\/\/alpverimlilik.com\/wp-content\/uploads\/2022\/09\/Design-Expert_Version_13-1.pdf\">\n\t\t\t\t\t\t<span class=\"elementor-button-content-wrapper\">\n\t\t\t\t\t\t\t\t\t<span class=\"elementor-button-text\">Bilgi almak i\u00e7in t\u0131klay\u0131n<\/span>\n\t\t\t\t\t<\/span>\n\t\t\t\t\t<\/a>\n\t\t\t\t<\/div>\n\t\t\t\t\t\t\t\t<\/div>\n\t\t\t\t<\/div>\n\t\t\t\t<div class=\"elementor-element elementor-element-deaccf2 elementor-align-center elementor-widget elementor-widget-button\" data-id=\"deaccf2\" data-element_type=\"widget\" data-e-type=\"widget\" data-widget_type=\"button.default\">\n\t\t\t\t<div class=\"elementor-widget-container\">\n\t\t\t\t\t\t\t\t\t<div class=\"elementor-button-wrapper\">\n\t\t\t\t\t<a class=\"elementor-button elementor-button-link elementor-size-sm\" href=\"https:\/\/www.statease.com\/dx-trial-alp-ver\/\">\n\t\t\t\t\t\t<span class=\"elementor-button-content-wrapper\">\n\t\t\t\t\t\t\t\t\t<span class=\"elementor-button-text\">\u00dccretsiz y\u00fcklemek i\u00e7in t\u0131klay\u0131n\u0131z<\/span>\n\t\t\t\t\t<\/span>\n\t\t\t\t\t<\/a>\n\t\t\t\t<\/div>\n\t\t\t\t\t\t\t\t<\/div>\n\t\t\t\t<\/div>\n\t\t\t\t\t<\/div>\n\t\t<\/div>\n\t\t\t\t<div class=\"elementor-column elementor-col-50 elementor-top-column elementor-element elementor-element-51c3c3b\" data-id=\"51c3c3b\" data-element_type=\"column\" data-e-type=\"column\">\n\t\t\t<div class=\"elementor-widget-wrap elementor-element-populated\">\n\t\t\t\t\t\t<div class=\"elementor-element elementor-element-b8ec32e elementor-widget elementor-widget-image\" data-id=\"b8ec32e\" data-element_type=\"widget\" data-e-type=\"widget\" data-widget_type=\"image.default\">\n\t\t\t\t<div class=\"elementor-widget-container\">\n\t\t\t\t\t\t\t\t\t\t\t\t\t\t\t<img decoding=\"async\" width=\"300\" height=\"300\" src=\"https:\/\/alpverimlilik.com\/wp-content\/uploads\/2022\/09\/WhatsApp-Image-2022-09-25-at-11.40.20-PM.jpeg\" class=\"attachment-large size-large wp-image-1510\" alt=\"\" srcset=\"https:\/\/alpverimlilik.com\/wp-content\/uploads\/2022\/09\/WhatsApp-Image-2022-09-25-at-11.40.20-PM.jpeg 300w, https:\/\/alpverimlilik.com\/wp-content\/uploads\/2022\/09\/WhatsApp-Image-2022-09-25-at-11.40.20-PM-150x150.jpeg 150w\" sizes=\"(max-width: 300px) 100vw, 300px\" \/>\t\t\t\t\t\t\t\t\t\t\t\t\t\t\t<\/div>\n\t\t\t\t<\/div>\n\t\t\t\t<div class=\"elementor-element elementor-element-70aca73 elementor-widget elementor-widget-heading\" data-id=\"70aca73\" data-element_type=\"widget\" data-e-type=\"widget\" data-widget_type=\"heading.default\">\n\t\t\t\t<div class=\"elementor-widget-container\">\n\t\t\t\t\t<h3 class=\"elementor-heading-title elementor-size-default\">Stat-Ease 360<\/h3>\t\t\t\t<\/div>\n\t\t\t\t<\/div>\n\t\t\t\t<div class=\"elementor-element elementor-element-57cdccd elementor-align-center elementor-widget elementor-widget-button\" data-id=\"57cdccd\" data-element_type=\"widget\" data-e-type=\"widget\" data-widget_type=\"button.default\">\n\t\t\t\t<div class=\"elementor-widget-container\">\n\t\t\t\t\t\t\t\t\t<div class=\"elementor-button-wrapper\">\n\t\t\t\t\t<a class=\"elementor-button elementor-button-link elementor-size-sm\" href=\"https:\/\/alpverimlilik.com\/wp-content\/uploads\/2022\/09\/Stat-Ease-360-Flyer-1.pdf\">\n\t\t\t\t\t\t<span class=\"elementor-button-content-wrapper\">\n\t\t\t\t\t\t\t\t\t<span class=\"elementor-button-text\">Bilgi almak i\u00e7in t\u0131klay\u0131n<\/span>\n\t\t\t\t\t<\/span>\n\t\t\t\t\t<\/a>\n\t\t\t\t<\/div>\n\t\t\t\t\t\t\t\t<\/div>\n\t\t\t\t<\/div>\n\t\t\t\t<div class=\"elementor-element elementor-element-9ee3c80 elementor-align-center elementor-widget elementor-widget-button\" data-id=\"9ee3c80\" data-element_type=\"widget\" data-e-type=\"widget\" data-widget_type=\"button.default\">\n\t\t\t\t<div class=\"elementor-widget-container\">\n\t\t\t\t\t\t\t\t\t<div class=\"elementor-button-wrapper\">\n\t\t\t\t\t<a class=\"elementor-button elementor-button-link elementor-size-sm\" href=\"https:\/\/www.statease.com\/dx-trial-alp-ver\/&#039;\">\n\t\t\t\t\t\t<span class=\"elementor-button-content-wrapper\">\n\t\t\t\t\t\t\t\t\t<span class=\"elementor-button-text\">\u00dccretsiz y\u00fcklemek i\u00e7in t\u0131klay\u0131n\u0131z<\/span>\n\t\t\t\t\t<\/span>\n\t\t\t\t\t<\/a>\n\t\t\t\t<\/div>\n\t\t\t\t\t\t\t\t<\/div>\n\t\t\t\t<\/div>\n\t\t\t\t\t<\/div>\n\t\t<\/div>\n\t\t\t\t\t<\/div>\n\t\t<\/section>\n\t\t\t\t<section class=\"elementor-section elementor-top-section elementor-element elementor-element-5gj7l24 elementor-section-full_width elementor-section-stretched elementor-section-height-default elementor-section-height-default\" data-id=\"5gj7l24\" data-element_type=\"section\" data-e-type=\"section\" data-settings=\"{&quot;background_background&quot;:&quot;classic&quot;,&quot;stretch_section&quot;:&quot;section-stretched&quot;}\">\n\t\t\t\t\t\t<div class=\"elementor-container elementor-column-gap-default\">\n\t\t\t\t\t<div class=\"elementor-column elementor-col-100 elementor-top-column elementor-element elementor-element-82668e3\" data-id=\"82668e3\" data-element_type=\"column\" data-e-type=\"column\" data-settings=\"{&quot;background_background&quot;:&quot;classic&quot;}\">\n\t\t\t<div class=\"elementor-widget-wrap elementor-element-populated\">\n\t\t\t\t\t\t<div class=\"elementor-element elementor-element-cff81c2 elementor-widget elementor-widget-image\" data-id=\"cff81c2\" data-element_type=\"widget\" data-e-type=\"widget\" data-widget_type=\"image.default\">\n\t\t\t\t<div class=\"elementor-widget-container\">\n\t\t\t\t\t\t\t\t\t\t\t\t\t\t\t<img decoding=\"async\" width=\"288\" height=\"64\" src=\"https:\/\/alpverimlilik.com\/wp-content\/uploads\/2022\/09\/WhatsApp-Image-2022-09-20-at-10.16.31-PM-2.jpeg\" class=\"attachment-large size-large wp-image-1467\" alt=\"\" \/>\t\t\t\t\t\t\t\t\t\t\t\t\t\t\t<\/div>\n\t\t\t\t<\/div>\n\t\t\t\t<div class=\"elementor-element elementor-element-2449e1e elementor-widget elementor-widget-heading\" data-id=\"2449e1e\" data-element_type=\"widget\" data-e-type=\"widget\" data-widget_type=\"heading.default\">\n\t\t\t\t<div class=\"elementor-widget-container\">\n\t\t\t\t\t<h4 class=\"elementor-heading-title elementor-size-default\">14 g\u00fcn boyunca Stat-Ease 360 ve Design Expert yaz\u0131l\u0131m\u0131m\u0131z\u0131 \u00fccretsiz olarak kullanabilirsiniz<\/h4>\t\t\t\t<\/div>\n\t\t\t\t<\/div>\n\t\t\t\t<div class=\"elementor-element elementor-element-0d78433 elementor-widget elementor-widget-text-editor\" data-id=\"0d78433\" data-element_type=\"widget\" data-e-type=\"widget\" data-widget_type=\"text-editor.default\">\n\t\t\t\t<div class=\"elementor-widget-container\">\n\t\t\t\t\t\t\t\t\t<p>Alp Verimlilik Merkezi, \u2018Stat-Ease yaz\u0131l\u0131mlar\u0131 T\u00fcrkiye yetkili temsilcisidir\u2019.<\/p>\t\t\t\t\t\t\t\t<\/div>\n\t\t\t\t<\/div>\n\t\t\t\t<div class=\"elementor-element elementor-element-02d4c6b elementor-widget-divider--view-line elementor-widget elementor-widget-divider\" data-id=\"02d4c6b\" data-element_type=\"widget\" data-e-type=\"widget\" data-widget_type=\"divider.default\">\n\t\t\t\t<div class=\"elementor-widget-container\">\n\t\t\t\t\t\t\t<div class=\"elementor-divider\">\n\t\t\t<span class=\"elementor-divider-separator\">\n\t\t\t\t\t\t<\/span>\n\t\t<\/div>\n\t\t\t\t\t\t<\/div>\n\t\t\t\t<\/div>\n\t\t\t\t<div class=\"elementor-element elementor-element-9fa9a78 elementor-widget elementor-widget-text-editor\" data-id=\"9fa9a78\" data-element_type=\"widget\" data-e-type=\"widget\" data-widget_type=\"text-editor.default\">\n\t\t\t\t<div class=\"elementor-widget-container\">\n\t\t\t\t\t\t\t\t\t<h4>Deney Tasar\u0131m\u0131n\u0131n Tan\u0131m\u0131<\/h4><p>Deney Tasar\u0131m\u0131, \u00e7e\u015fitli end\u00fcstriyel \u00fcr\u00fcnlerin ve\/ \u00fcretim proseslerinin performans\u0131n\u0131 optimize etmek ve iyile\u015ftirmek amac\u0131na y\u00f6nelik olarak, \u00fcr\u00fcn ve s\u00fcre\u00e7 geli\u015ftirmenin her alan\u0131nda aktif olarak \u00e7al\u0131\u015fan t\u00fcm bilim adamlar\u0131, m\u00fchendisler ve kalite profesyonelleri i\u00e7in gerekli bir y\u00f6ntemler toplulu\u011fu olarak kabul g\u00f6rmektedir.<\/p><p>\u00a0<\/p><h4>Deney Tasar\u0131m\u0131 (DoE)<\/h4><p>Yan\u0131tlardaki \u00f6nemli de\u011fi\u015fikliklerin nedenlerini belirleyebilmek i\u00e7in, girdi fakt\u00f6rlerinde (kontrol edilebilir fakt\u00f6rler \u2013 s\u00fcre\u00e7 parametreleri ya da \u00fcr\u00fcn bile\u015fen oranlar\u0131) kas\u0131tl\u0131 olarak de\u011fi\u015fikliklerin yap\u0131ld\u0131\u011f\u0131 sistematik bir testler dizisidir.<\/p><p><strong>\u00a0<\/strong><\/p><h4>Deney Tasar\u0131m\u0131 Uygulamalar\u0131<\/h4><p><em>Deney tasar\u0131m\u0131 y\u00f6ntemleri genellikle \u015fu ama\u00e7lar i\u00e7in kullan\u0131labilmektedir:<\/em><\/p><ol><li>Kalite karakteristi\u011fi \u00fczerinde hangi girdi fakt\u00f6rlerinin \u00f6nemli etkiye sahip oldu\u011funu belirlemek<\/li><li>\u00dcr\u00fcn\u00fc olu\u015fturan bile\u015fenlerin ve \/ veya s\u00fcre\u00e7 parametrelerinin hangi kombinasyonunun kalite karakteristi\u011finin istenen (nominal) de\u011ferlerine ula\u015ft\u0131rd\u0131\u011f\u0131n\u0131 belirlemek<\/li><li>\u00dcr\u00fcn\u00fc olu\u015fturan bile\u015fenlerin ve \/ veya s\u00fcre\u00e7 parametrelerinin hangi kombinasyonunun, kontrol edilemeyen \u00e7evresel fakt\u00f6rlere (g\u00fcr\u00fclt\u00fc fakt\u00f6rleri) kar\u015f\u0131 duyars\u0131z (robust) bir \u00fcr\u00fcn ortaya \u00e7\u0131kard\u0131\u011f\u0131n\u0131 tespit edebilmek. Di\u011fer bir deyi\u015fle \u00fcr\u00fcnlerin kalite karakteristiklerinde minimum de\u011fi\u015fkenli\u011fi sa\u011flayacak \u00fcr\u00fcn bile\u015fenleri \/ s\u00fcre\u00e7 parametreleri kombinasyonunu belirlemek.<\/li><li>Girdi fakt\u00f6rleri ile kalite karakteristikleri aras\u0131ndaki ili\u015fkinin yakla\u015f\u0131k olarak yap\u0131s\u0131n\u0131 belirleyerek, gerekti\u011finde farkl\u0131 maliyet yap\u0131s\u0131na sahip alternatif pazarlara hitap edebilecek farkl\u0131 \u00fcr\u00fcnleri tasarlamak.,<\/li><\/ol><p><em>Deney tasar\u0131m\u0131 bir \u00fcretim s\u00fcrecinin optimizasyonu ve\/veya bir kar\u0131\u015f\u0131m\u0131n (\u00fcr\u00fcn form\u00fclasyonunun) optimizasyonu amac\u0131 ile kullan\u0131labilmektedir.<\/em><\/p><p>\u00a0<\/p><h4>Her defas\u0131nda bir fakt\u00f6re (OFAT) kar\u015f\u0131 deney tasar\u0131m\u0131 (DoE)<\/h4><table><tbody><tr><td width=\"302\">\u00a0<strong>Deneylere Geleneksel Yakla\u015f\u0131m (OFAT)<\/strong><\/td><td width=\"302\"><strong>Deney Tasar\u0131m\u0131 (DoE)<\/strong><\/td><\/tr><tr><td width=\"302\">Her seferde bir fakt\u00f6r de\u011fi\u015ftirilerek yap\u0131lan bir \u00e7al\u0131\u015fma s\u00f6z konusu (di\u011fer fakt\u00f6rler sabit tutulurken).<\/td><td width=\"302\">\u00c7ok say\u0131da fakt\u00f6r\u00fc ayn\u0131 anda de\u011fi\u015ftirerek \u00e7al\u0131\u015fabilme.<\/td><\/tr><tr><td width=\"302\">S\u00fcreci uygulamak kolay ancak etkile\u015fimler dikkate al\u0131nm\u0131yor.<\/td><td width=\"302\">De\u011fi\u015fkenler aras\u0131ndaki etkile\u015fimler dikkate al\u0131nabiliyor.<\/td><\/tr><tr><td width=\"302\">Etkin de\u011fil.<\/td><td width=\"302\">Minimum say\u0131da deney ile maksimum bilgi elde edilebilir.<\/td><\/tr><\/tbody><\/table><h4>Deney Tasar\u0131m\u0131 Kullan\u0131larak Elde Edilen Kazan\u0131mlar<\/h4><ul><li><strong><em>\u00d6ng\u00f6r\u00fclebilir say\u0131da deneyler<\/em><\/strong>\u2013 \u00d6ng\u00f6r\u00fclebilir maliyet<\/li><li><strong><em>S\u00fcreci\/sistemi tan\u0131ma \u2013<\/em><\/strong>Hangi s\u00fcre\u00e7 parametreleri (fakt\u00f6rler) ve bile\u015fenlerin yan\u0131tlar \u00fczerinde \u00f6nemli etkileri var? Etkile\u015fim etkilerinin durumu nedir?<\/li><li><strong><em>S\u00fcrecin\/Kar\u0131\u015f\u0131m\u0131n modeli<\/em><\/strong>\u2013 s\u00fcre\u00e7 parametreleri ve bile\u015fen oranlar\u0131 ile yan\u0131tlar aras\u0131ndaki ili\u015fkinin yap\u0131s\u0131 (girdi de\u011fi\u015fkenleri uzay\u0131nda) nas\u0131ld\u0131r?<\/li><li><strong><em>S\u00fcrecin\/Kar\u0131\u015f\u0131m\u0131n optimizasyonu<\/em><\/strong>\u2013 En iyi s\u00fcre\u00e7 parametre seviyeleri\/form\u00fclasyon, minimum maliyet, \u00fcr\u00fcn farkl\u0131la\u015fmas\u0131<\/li><\/ul><h4>Deney Tasar\u0131m\u0131 ve Geli\u015fimi<\/h4><ul><li>Deney tasar\u0131m\u0131 (DoE), sebep-sonu\u00e7 ili\u015fkilerini belirlemek i\u00e7in planl\u0131 bir yakla\u015f\u0131md\u0131r. \u00d6l\u00e7\u00fclebilir girdi ve \u00e7\u0131kt\u0131lar ile herhangi bir s\u00fcrece uygulanabilir.<\/li><li>DoE aslen tar\u0131msal ama\u00e7lar i\u00e7in geli\u015ftirildi, ancak II. D\u00fcnya Sava\u015f\u0131 s\u0131ras\u0131nda ve sonras\u0131nda istatistiksel s\u00fcre\u00e7 kontrol\u00fc (SPC) ile kalite iyile\u015ftirme arac\u0131 haline geldi.<\/li><li>1980 y\u0131l\u0131na kadar, DoE temel olarak proses end\u00fcstrisinde (yani kimyasal, g\u0131da, ila\u00e7), m\u00fchendislerin zaman, s\u0131cakl\u0131k, bas\u0131n\u00e7 ve ak\u0131\u015f h\u0131z\u0131 gibi fakt\u00f6rleri manip\u00fcle edebilme kolayl\u0131\u011f\u0131 nedeniyle kullan\u0131ld\u0131.<\/li><li>Daha sonra Japon elektronik \u00fcr\u00fcnleri ve otomobillerinin muazzam ba\u015far\u0131s\u0131 ile canlanan SPC ve DoE bir r\u00f6nesans ge\u00e7irdi.<\/li><li>Ki\u015fisel bilgisayarlar\u0131n ortaya \u00e7\u0131k\u0131\u015f\u0131, say\u0131sal olarak yo\u011fun olan bu y\u00f6ntemlerin kullan\u0131lmas\u0131n\u0131 daha da kolayla\u015ft\u0131rd\u0131.<\/li><\/ul><h4>Deney Tasar\u0131m\u0131n\u0131n Uygulanmas\u0131 A\u015famalar\u0131<\/h4><ol><li><strong>Tan\u0131mlama A\u015famas\u0131:<\/strong>\u0130yile\u015ftirilecek \u00fcr\u00fcn\/s\u00fcre\u00e7 belirlenir. Yan\u0131tlar ve s\u00fcre\u00e7 parametreleri\/bile\u015fenler belirlenir.<\/li><li><strong>Tasar\u0131m A\u015famas\u0131:\u00a0<\/strong>Deneylerinin tasarlanmas\u0131 a\u015famas\u0131d\u0131r (deneylerin geli\u015fig\u00fczel de\u011fil, planlanm\u0131\u015f seviyelerde ve s\u0131rada uygulanmas\u0131 gerekmektedir).<\/li><\/ol><ul><li><strong>Analiz A\u015famas\u0131:\u00a0<\/strong>Bile\u015fenler ile sonu\u00e7lar aras\u0131ndaki ili\u015fkiyi ortaya koyan bir istatistiksel model (regresyon modeli) bulunmas\u0131 \u2013 S\u00fcre\u00e7 ya da Kar\u0131\u015f\u0131m modelinin bulunmas\u0131.<\/li><\/ul><ol><li><strong>\u0130yile\u015ftirme A\u015famas\u0131:\u00a0<\/strong>Modelin kullan\u0131larak optimum \/ ideal s\u00fcre\u00e7 parametrelerinin ya da kar\u0131\u015f\u0131m oranlar\u0131n\u0131n belirlenmesi \u2013 form\u00fclasyon optimizasyonu. Do\u011frulama deneyleri ile takip.<\/li><\/ol><h4>Firmam\u0131z Design-Expert yaz\u0131l\u0131m\u0131n\u0131n sat\u0131\u015f\u0131 yan\u0131nda a\u015fa\u011f\u0131daki hizmetleri de vermektedir:<\/h4><ul><li><em>Deney Tasar\u0131m\u0131 ve Analizi e\u011fitimleri (Design Expert yaz\u0131l\u0131m\u0131n\u0131n kullan\u0131lmas\u0131n\u0131 i\u00e7erir)<\/em><\/li><li><em>Deney Tasar\u0131m\u0131 ve Analizi Proje Uygulamalar\u0131 i\u00e7in dan\u0131\u015fmanl\u0131k deste\u011fi<\/em><\/li><\/ul><h4>Design Expert Yaz\u0131l\u0131m\u0131<\/h4><ul><li>Design-Expert yaz\u0131l\u0131m\u0131yla ister i\u015finizde yeni ister profesyonel olun, \u00fcr\u00fcn\u00fcn\u00fczde ve s\u00fcrecinizde \u00e7\u0131\u011f\u0131r a\u00e7an iyile\u015ftirmeler yapabilirsiniz.<\/li><li>Kullan\u0131m\u0131 kolay bir aray\u00fcz\u00fc vard\u0131r ve deneyleri uygulaman\u0131zda hata yapmaman\u0131z ve deneylerin uygulanmas\u0131 sonucu ger\u00e7ekle\u015ftirilen analizlerin do\u011fru yorumlanmas\u0131 i\u00e7in uygun y\u00f6nlendirmeleri sa\u011flamaktad\u0131r.<\/li><li>S\u00fcrecinizde \u00f6nemli olan fakt\u00f6rleri ve bile\u015fenleri tarayabilirsiniz.<\/li><li>Etkile\u015fimleri karakterize edip, nihayetinde optimum s\u00fcre\u00e7 ayarlar\u0131 ve \u00fcr\u00fcn re\u00e7eteleri elde edebilirsiniz.<\/li><li>Design Expert, \u00e7ok fakt\u00f6rl\u00fc deneylerin organizasyonunu inan\u0131lmaz derecede kolayla\u015ft\u0131r\u0131r.<\/li><li>Ara\u015ft\u0131rman\u0131z\u0131 h\u0131zland\u0131rmak ve b\u00fcy\u00fck bir ba\u015far\u0131ya d\u00f6n\u00fc\u015ft\u00fcrmek i\u00e7in bir e\u015fsiz bir ara\u00e7t\u0131r.<\/li><\/ul><h4>Deney Tasar\u0131m\u0131 ve Analizi Proje Uygulamalar\u0131 Dan\u0131\u015fmanl\u0131k Deste\u011fi Paketimiz<\/h4><p>Deney tasar\u0131m\u0131nda planlama ve haz\u0131rl\u0131k kalitesi, proje uygulamalar\u0131ndaki ba\u015far\u0131n\u0131n anahtar\u0131d\u0131r. Deney tasar\u0131m\u0131 ve analizi dan\u0131\u015fmanl\u0131k paketimiz<\/p><ul><li>Deneylerin en verimli ve etkili \u015fekilde planlanmas\u0131n\u0131,<\/li><li>Tasarlanan deneylerin ba\u015far\u0131yla tamamlanmas\u0131n\u0131,<\/li><li>Analiz edilen deney sonu\u00e7lar\u0131n\u0131n kullan\u0131larak \u00fcr\u00fcn form\u00fclasyonu ya da \u00fcretim s\u00fcrecinin modellenmesini,<\/li><li>En iyi \u00fcr\u00fcn form\u00fclasyonu \/ s\u00fcre\u00e7 parametrelerinin elde edilmesini sa\u011flayacakt\u0131r.<\/li><li>Dan\u0131\u015fmalar\u0131m\u0131z, deneylerin en verimli ve etkili bir \u015fekilde planlanmas\u0131n\u0131 garanti alt\u0131na almak i\u00e7in, proje ekibinizle birlikte bilgilerin haritalanmas\u0131 ve planlama s\u00fcrecini y\u00fcr\u00fcteceklerdir. Bu s\u00fcre\u00e7 genellikle 1 toplant\u0131 ile tamamlanmaktad\u0131r.<\/li><li>Gerekli oldu\u011funda, deneylerden \u00f6nce \u00f6l\u00e7\u00fcm sistemi analizinin planlanmas\u0131, organizasyonu ve uygulanmas\u0131na destek verilecektir.<\/li><li>Deneyler planlan\u0131rken, uygulamada zaman ve maliyetlerden tasarruf etmek i\u00e7in uygun olan en iyi, en geli\u015fmi\u015f deney tasar\u0131mlar\u0131 kullan\u0131lmaktad\u0131r.<\/li><li>Deneylerin uygulanmas\u0131ndan sonra, bir toplant\u0131da sonu\u00e7lar\u0131 sunmak ve tart\u0131\u015fmak i\u00e7in sonu\u00e7lar\u0131n do\u011fru yorumlanmas\u0131n\u0131 sa\u011fl\u0131yoruz.<\/li><li>Tipik bir proje, bir \u00fcretim s\u00fcrecindeki \u00f6nemli bile\u015fenler ve\/veya parametrelerin taranmas\u0131, karakterizasyon-optimizasyon deneyleri ve do\u011frulama deneyleri olmak \u00fczere, 2 \u2013 4 deney turundan olu\u015fmaktad\u0131r.<\/li><\/ul><p><strong>\u00a0<\/strong><\/p><p><strong>\u0130leti\u015fim:<\/strong>\u00a0Dr. Atakan Gerger \u2013 +90 (532) 4621759\u00a0\u00a0\u00a0\u00a0\u00a0 <a href=\"mailto:atakangerger@alpverimlilik.com\">atakangerger@alpverimlilik.com<\/a><\/p>\t\t\t\t\t\t\t\t<\/div>\n\t\t\t\t<\/div>\n\t\t\t\t\t<\/div>\n\t\t<\/div>\n\t\t\t\t\t<\/div>\n\t\t<\/section>\n\t\t\t\t<\/div>\n\t\t","protected":false},"excerpt":{"rendered":"<p>Design Expert Bilgi almak i\u00e7in t\u0131klay\u0131n \u00dccretsiz y\u00fcklemek i\u00e7in t\u0131klay\u0131n\u0131z Stat-Ease 360 Bilgi almak i\u00e7in t\u0131klay\u0131n \u00dccretsiz y\u00fcklemek i\u00e7in t\u0131klay\u0131n\u0131z 14 g\u00fcn boyunca Stat-Ease 360 ve Design Expert yaz\u0131l\u0131m\u0131m\u0131z\u0131 \u00fccretsiz olarak kullanabilirsiniz Alp Verimlilik Merkezi, \u2018Stat-Ease yaz\u0131l\u0131mlar\u0131 T\u00fcrkiye yetkili temsilcisidir\u2019. Deney Tasar\u0131m\u0131n\u0131n Tan\u0131m\u0131 Deney Tasar\u0131m\u0131, \u00e7e\u015fitli end\u00fcstriyel \u00fcr\u00fcnlerin ve\/ \u00fcretim proseslerinin performans\u0131n\u0131 optimize etmek ve [&hellip;]<\/p>\n","protected":false},"author":1,"featured_media":0,"parent":0,"menu_order":0,"comment_status":"closed","ping_status":"closed","template":"elementor_theme","meta":{"_uag_custom_page_level_css":"","site-sidebar-layout":"default","site-content-layout":"","ast-site-content-layout":"","site-content-style":"default","site-sidebar-style":"default","ast-global-header-display":"","ast-banner-title-visibility":"","ast-main-header-display":"","ast-hfb-above-header-display":"","ast-hfb-below-header-display":"","ast-hfb-mobile-header-display":"","site-post-title":"disabled","ast-breadcrumbs-content":"","ast-featured-img":"","footer-sml-layout":"","theme-transparent-header-meta":"","adv-header-id-meta":"","stick-header-meta":"","header-above-stick-meta":"","header-main-stick-meta":"","header-below-stick-meta":"","astra-migrate-meta-layouts":"default","ast-page-background-enabled":"default","ast-page-background-meta":{"desktop":{"background-color":"var(--ast-global-color-4)","background-image":"","background-repeat":"repeat","background-position":"center center","background-size":"auto","background-attachment":"scroll","background-type":"","background-media":"","overlay-type":"","overlay-color":"","overlay-opacity":"","overlay-gradient":""},"tablet":{"background-color":"","background-image":"","background-repeat":"repeat","background-position":"center center","background-size":"auto","background-attachment":"scroll","background-type":"","background-media":"","overlay-type":"","overlay-color":"","overlay-opacity":"","overlay-gradient":""},"mobile":{"background-color":"","background-image":"","background-repeat":"repeat","background-position":"center center","background-size":"auto","background-attachment":"scroll","background-type":"","background-media":"","overlay-type":"","overlay-color":"","overlay-opacity":"","overlay-gradient":""}},"ast-content-background-meta":{"desktop":{"background-color":"var(--ast-global-color-5)","background-image":"","background-repeat":"repeat","background-position":"center center","background-size":"auto","background-attachment":"scroll","background-type":"","background-media":"","overlay-type":"","overlay-color":"","overlay-opacity":"","overlay-gradient":""},"tablet":{"background-color":"var(--ast-global-color-5)","background-image":"","background-repeat":"repeat","background-position":"center center","background-size":"auto","background-attachment":"scroll","background-type":"","background-media":"","overlay-type":"","overlay-color":"","overlay-opacity":"","overlay-gradient":""},"mobile":{"background-color":"var(--ast-global-color-5)","background-image":"","background-repeat":"repeat","background-position":"center center","background-size":"auto","background-attachment":"scroll","background-type":"","background-media":"","overlay-type":"","overlay-color":"","overlay-opacity":"","overlay-gradient":""}},"footnotes":""},"class_list":["post-1506","page","type-page","status-publish","hentry"],"uagb_featured_image_src":{"full":false,"thumbnail":false,"medium":false,"medium_large":false,"large":false,"1536x1536":false,"2048x2048":false},"uagb_author_info":{"display_name":"admin","author_link":"https:\/\/alpverimlilik.com\/?author=1"},"uagb_comment_info":0,"uagb_excerpt":"Design Expert Bilgi almak i\u00e7in t\u0131klay\u0131n \u00dccretsiz y\u00fcklemek i\u00e7in t\u0131klay\u0131n\u0131z Stat-Ease 360 Bilgi almak i\u00e7in t\u0131klay\u0131n \u00dccretsiz y\u00fcklemek i\u00e7in t\u0131klay\u0131n\u0131z 14 g\u00fcn boyunca Stat-Ease 360 ve Design Expert yaz\u0131l\u0131m\u0131m\u0131z\u0131 \u00fccretsiz olarak kullanabilirsiniz Alp Verimlilik Merkezi, \u2018Stat-Ease yaz\u0131l\u0131mlar\u0131 T\u00fcrkiye yetkili temsilcisidir\u2019. Deney Tasar\u0131m\u0131n\u0131n Tan\u0131m\u0131 Deney Tasar\u0131m\u0131, \u00e7e\u015fitli end\u00fcstriyel \u00fcr\u00fcnlerin ve\/ \u00fcretim proseslerinin performans\u0131n\u0131 optimize etmek ve&hellip;","_links":{"self":[{"href":"https:\/\/alpverimlilik.com\/index.php?rest_route=\/wp\/v2\/pages\/1506","targetHints":{"allow":["GET"]}}],"collection":[{"href":"https:\/\/alpverimlilik.com\/index.php?rest_route=\/wp\/v2\/pages"}],"about":[{"href":"https:\/\/alpverimlilik.com\/index.php?rest_route=\/wp\/v2\/types\/page"}],"author":[{"embeddable":true,"href":"https:\/\/alpverimlilik.com\/index.php?rest_route=\/wp\/v2\/users\/1"}],"replies":[{"embeddable":true,"href":"https:\/\/alpverimlilik.com\/index.php?rest_route=%2Fwp%2Fv2%2Fcomments&post=1506"}],"version-history":[{"count":36,"href":"https:\/\/alpverimlilik.com\/index.php?rest_route=\/wp\/v2\/pages\/1506\/revisions"}],"predecessor-version":[{"id":1585,"href":"https:\/\/alpverimlilik.com\/index.php?rest_route=\/wp\/v2\/pages\/1506\/revisions\/1585"}],"wp:attachment":[{"href":"https:\/\/alpverimlilik.com\/index.php?rest_route=%2Fwp%2Fv2%2Fmedia&parent=1506"}],"curies":[{"name":"wp","href":"https:\/\/api.w.org\/{rel}","templated":true}]}}